{"id":388,"date":"2018-03-19T11:33:30","date_gmt":"2018-03-19T11:33:30","guid":{"rendered":"https:\/\/wandern-auf-la-palma.de\/?page_id=388"},"modified":"2024-07-10T09:13:32","modified_gmt":"2024-07-10T09:13:32","slug":"descargo-de-responsabilidad","status":"publish","type":"page","link":"https:\/\/wandern-auf-la-palma.de\/es\/descargo-de-responsabilidad\/","title":{"rendered":"Descargo de responsabilidad"},"content":{"rendered":"\n<div class=\"wp-block-uagb-container uagb-block-91564d83 alignfull uagb-is-root-container\">\n<div class=\"wp-block-uagb-container uagb-block-45e71147 alignfull uagb-is-root-container\"><div class=\"uagb-container-inner-blocks-wrap\">\n<div class=\"wp-block-uagb-advanced-heading uagb-block-0e92f35b\"><h1 class=\"uagb-heading-text\">Descargo de responsabilidad<\/h1><\/div>\n<\/div><\/div>\n<\/div>\n\n\n\n<div class=\"wp-block-uagb-container uagb-block-fde19761 alignfull uagb-is-root-container\"><div class=\"uagb-container-inner-blocks-wrap\">\n<p>En esta p\u00e1gina encontrar\u00e1 el descargo de responsabilidad de wandern-auf-la-palma.de, puesto a disposici\u00f3n por Graja Tours La Palma. En este descargo de responsabilidad, indicamos bajo qu\u00e9 reservaci\u00f3n le ofrecemos la informaci\u00f3n en nuestro sitio web.<\/p>\n<h3>Propiedad intelectual<\/h3>\n<p>El uso de la informaci\u00f3n en este sitio web es gratuito siempre que no copie, distribuya o utilice o haga un mal uso de esta informaci\u00f3n. Solo puede volver a utilizar la informaci\u00f3n en este sitio web de acuerdo con las regulaciones de la ley obligatoria.<\/p>\n<p>Sin el permiso expreso por escrito de Graja Tours La Palma, no est\u00e1 permitido reutilizar texto, material fotogr\u00e1fico u otros materiales en este sitio web. La propiedad intelectual pertenece a Graja Tours La Palma.<\/p>\n<h3>Sin garant\u00eda de precisi\u00f3n<\/h3>\n<p>Para los precios en nuestro sitio web, nos esforzamos por la representaci\u00f3n m\u00e1s precisa de la realidad y los precios previstos. Los errores que surgen y son reconocibles como errores de programaci\u00f3n o de tipeo nunca forman un motivo para reclamar o asumir un contrato o acuerdo con Graja Tours La Palma.<\/p>\n<p>Graja Tours La Palma se esfuerza por tener un sitio web lo m\u00e1s actualizado posible. Si, a pesar de estos esfuerzos, la informaci\u00f3n o el contenido de este sitio web est\u00e1 incompleto y \/ o es incorrecto, no podemos aceptar ninguna responsabilidad por esto.<\/p>\n<p>La informaci\u00f3n y \/ o productos en este sitio web se ofrecen sin ning\u00fan tipo de garant\u00eda y \/ o reclamo de correcci\u00f3n. Nos reservamos el derecho de cambiar, eliminar o volver a instalar estos materiales sin previo aviso. Graja Tours La Palma no acepta ninguna responsabilidad por la informaci\u00f3n contenida en los sitios web a los que nos referimos a trav\u00e9s de hiperv\u00ednculos.<\/p>\n<h3>Enmiendas<\/h3>\n<p>Si esta cl\u00e1usula de exenci\u00f3n de responsabilidad cambia, encontrar\u00e1 la versi\u00f3n m\u00e1s reciente de la exenci\u00f3n de responsabilidad en wandern-auf-la-palma.de.<\/p>\n<\/div><\/div>\n","protected":false},"excerpt":{"rendered":"<p>Descargo de responsabilidad En esta p\u00e1gina encontrar\u00e1 el descargo de responsabilidad de wandern-auf-la-palma.de, puesto a disposici\u00f3n por Graja Tours La Palma. En este descargo de responsabilidad, indicamos bajo qu\u00e9 reservaci\u00f3n le ofrecemos la informaci\u00f3n en nuestro sitio web. Propiedad intelectual El uso de la informaci\u00f3n en este sitio web es gratuito siempre que no copie, distribuya o utilice o haga un mal uso de esta informaci\u00f3n. Solo puede volver a utilizar la informaci\u00f3n en este sitio web de acuerdo con [&hellip;]<\/p>\n","protected":false},"author":2,"featured_media":0,"parent":0,"menu_order":0,"comment_status":"closed","ping_status":"closed","template":"","meta":{"_acf_changed":false,"_uag_custom_page_level_css":"","site-sidebar-layout":"default","site-content-layout":"","ast-site-content-layout":"default","site-content-style":"default","site-sidebar-style":"default","ast-global-header-display":"","ast-banner-title-visibility":"","ast-main-header-display":"","ast-hfb-above-header-display":"","ast-hfb-below-header-display":"","ast-hfb-mobile-header-display":"","site-post-title":"disabled","ast-breadcrumbs-content":"","ast-featured-img":"","footer-sml-layout":"","ast-disable-related-posts":"","theme-transparent-header-meta":"","adv-header-id-meta":"","stick-header-meta":"","header-above-stick-meta":"","header-main-stick-meta":"","header-below-stick-meta":"","astra-migrate-meta-layouts":"set","ast-page-background-enabled":"default","ast-page-background-meta":{"desktop":{"background-color":"var(--ast-global-color-4)","background-image":"","background-repeat":"repeat","background-position":"center center","background-size":"auto","background-attachment":"scroll","background-type":"","background-media":"","overlay-type":"","overlay-color":"","overlay-opacity":"","overlay-gradient":""},"tablet":{"background-color":"","background-image":"","background-repeat":"repeat","background-position":"center center","background-size":"auto","background-attachment":"scroll","background-type":"","background-media":"","overlay-type":"","overlay-color":"","overlay-opacity":"","overlay-gradient":""},"mobile":{"background-color":"","background-image":"","background-repeat":"repeat","background-position":"center center","background-size":"auto","background-attachment":"scroll","background-type":"","background-media":"","overlay-type":"","overlay-color":"","overlay-opacity":"","overlay-gradient":""}},"ast-content-background-meta":{"desktop":{"background-color":"var(--ast-global-color-5)","background-image":"","background-repeat":"repeat","background-position":"center center","background-size":"auto","background-attachment":"scroll","background-type":"","background-media":"","overlay-type":"","overlay-color":"","overlay-opacity":"","overlay-gradient":""},"tablet":{"background-color":"var(--ast-global-color-5)","background-image":"","background-repeat":"repeat","background-position":"center center","background-size":"auto","background-attachment":"scroll","background-type":"","background-media":"","overlay-type":"","overlay-color":"","overlay-opacity":"","overlay-gradient":""},"mobile":{"background-color":"var(--ast-global-color-5)","background-image":"","background-repeat":"repeat","background-position":"center center","background-size":"auto","background-attachment":"scroll","background-type":"","background-media":"","overlay-type":"","overlay-color":"","overlay-opacity":"","overlay-gradient":""}},"footnotes":""},"class_list":["post-388","page","type-page","status-publish","hentry"],"acf":[],"yoast_head":"<!-- This site is optimized with the Yoast SEO plugin v27.3 - https:\/\/yoast.com\/product\/yoast-seo-wordpress\/ -->\n<title>Descargo de responsabilidad - Graja Tours - Gu\u00eda oficial de turismo en Canarias - senderismo en La Palma<\/title>\n<meta name=\"robots\" content=\"index, follow, max-snippet:-1, max-image-preview:large, max-video-preview:-1\" \/>\n<link rel=\"canonical\" href=\"https:\/\/wandern-auf-la-palma.de\/es\/descargo-de-responsabilidad\/\" \/>\n<meta property=\"og:locale\" content=\"es_ES\" \/>\n<meta property=\"og:type\" content=\"article\" \/>\n<meta property=\"og:title\" content=\"Descargo de responsabilidad - Graja Tours - Gu\u00eda oficial de turismo en Canarias - senderismo en La Palma\" \/>\n<meta property=\"og:description\" content=\"Descargo de responsabilidad En esta p\u00e1gina encontrar\u00e1 el descargo de responsabilidad de wandern-auf-la-palma.de, puesto a disposici\u00f3n por Graja Tours La Palma. En este descargo de responsabilidad, indicamos bajo qu\u00e9 reservaci\u00f3n le ofrecemos la informaci\u00f3n en nuestro sitio web. Propiedad intelectual El uso de la informaci\u00f3n en este sitio web es gratuito siempre que no copie, distribuya o utilice o haga un mal uso de esta informaci\u00f3n. Solo puede volver a utilizar la informaci\u00f3n en este sitio web de acuerdo con [&hellip;]\" \/>\n<meta property=\"og:url\" content=\"https:\/\/wandern-auf-la-palma.de\/es\/descargo-de-responsabilidad\/\" \/>\n<meta property=\"og:site_name\" content=\"Graja Tours - Gu\u00eda oficial de turismo en Canarias - senderismo en La Palma\" \/>\n<meta property=\"article:publisher\" content=\"https:\/\/www.facebook.com\/grajatourslapalma\" \/>\n<meta property=\"article:modified_time\" content=\"2024-07-10T09:13:32+00:00\" \/>\n<meta property=\"og:image\" content=\"https:\/\/wandern-auf-la-palma.de\/wp-content\/uploads\/Logo-GrajaTours2022.webp\" \/>\n\t<meta property=\"og:image:width\" content=\"300\" \/>\n\t<meta property=\"og:image:height\" content=\"136\" \/>\n\t<meta property=\"og:image:type\" content=\"image\/webp\" \/>\n<meta name=\"twitter:card\" content=\"summary_large_image\" \/>\n<meta name=\"twitter:label1\" content=\"Tiempo de lectura\" \/>\n\t<meta name=\"twitter:data1\" content=\"2 minutos\" \/>\n<script type=\"application\/ld+json\" class=\"yoast-schema-graph\">{\"@context\":\"https:\\\/\\\/schema.org\",\"@graph\":[{\"@type\":\"WebPage\",\"@id\":\"https:\\\/\\\/wandern-auf-la-palma.de\\\/es\\\/descargo-de-responsabilidad\\\/\",\"url\":\"https:\\\/\\\/wandern-auf-la-palma.de\\\/es\\\/descargo-de-responsabilidad\\\/\",\"name\":\"Descargo de responsabilidad - Graja Tours - Gu\u00eda oficial de turismo en Canarias - senderismo en La Palma\",\"isPartOf\":{\"@id\":\"https:\\\/\\\/wandern-auf-la-palma.de\\\/es\\\/#website\"},\"datePublished\":\"2018-03-19T11:33:30+00:00\",\"dateModified\":\"2024-07-10T09:13:32+00:00\",\"breadcrumb\":{\"@id\":\"https:\\\/\\\/wandern-auf-la-palma.de\\\/es\\\/descargo-de-responsabilidad\\\/#breadcrumb\"},\"inLanguage\":\"es\",\"potentialAction\":[{\"@type\":\"ReadAction\",\"target\":[\"https:\\\/\\\/wandern-auf-la-palma.de\\\/es\\\/descargo-de-responsabilidad\\\/\"]}]},{\"@type\":\"BreadcrumbList\",\"@id\":\"https:\\\/\\\/wandern-auf-la-palma.de\\\/es\\\/descargo-de-responsabilidad\\\/#breadcrumb\",\"itemListElement\":[{\"@type\":\"ListItem\",\"position\":1,\"name\":\"Home\",\"item\":\"https:\\\/\\\/wandern-auf-la-palma.de\\\/es\\\/\"},{\"@type\":\"ListItem\",\"position\":2,\"name\":\"Descargo de responsabilidad\"}]},{\"@type\":\"WebSite\",\"@id\":\"https:\\\/\\\/wandern-auf-la-palma.de\\\/es\\\/#website\",\"url\":\"https:\\\/\\\/wandern-auf-la-palma.de\\\/es\\\/\",\"name\":\"Graja Tours - La Palma Staatlich zertifizierte Wanderf\u00fchrerin f\u00fcr die Kanarischen Inseln - Aktuelle Wanderwege auf La Palma\",\"description\":\"home\",\"publisher\":{\"@id\":\"https:\\\/\\\/wandern-auf-la-palma.de\\\/es\\\/#organization\"},\"potentialAction\":[{\"@type\":\"SearchAction\",\"target\":{\"@type\":\"EntryPoint\",\"urlTemplate\":\"https:\\\/\\\/wandern-auf-la-palma.de\\\/es\\\/?s={search_term_string}\"},\"query-input\":{\"@type\":\"PropertyValueSpecification\",\"valueRequired\":true,\"valueName\":\"search_term_string\"}}],\"inLanguage\":\"es\"},{\"@type\":\"Organization\",\"@id\":\"https:\\\/\\\/wandern-auf-la-palma.de\\\/es\\\/#organization\",\"name\":\"Graja Tours - La Palma Staatlich zertifizierte Wanderf\u00fchrerin f\u00fcr die Kanarischen Inseln - Aktuelle Wanderwege auf La Palma\",\"url\":\"https:\\\/\\\/wandern-auf-la-palma.de\\\/es\\\/\",\"logo\":{\"@type\":\"ImageObject\",\"inLanguage\":\"es\",\"@id\":\"https:\\\/\\\/wandern-auf-la-palma.de\\\/es\\\/#\\\/schema\\\/logo\\\/image\\\/\",\"url\":\"https:\\\/\\\/wandern-auf-la-palma.de\\\/wp-content\\\/uploads\\\/Logo-GrajaTours2022.webp\",\"contentUrl\":\"https:\\\/\\\/wandern-auf-la-palma.de\\\/wp-content\\\/uploads\\\/Logo-GrajaTours2022.webp\",\"width\":300,\"height\":136,\"caption\":\"Graja Tours - La Palma Staatlich zertifizierte Wanderf\u00fchrerin f\u00fcr die Kanarischen Inseln - Aktuelle Wanderwege auf La Palma\"},\"image\":{\"@id\":\"https:\\\/\\\/wandern-auf-la-palma.de\\\/es\\\/#\\\/schema\\\/logo\\\/image\\\/\"},\"sameAs\":[\"https:\\\/\\\/www.facebook.com\\\/grajatourslapalma\"]}]}<\/script>\n<!-- \/ Yoast SEO plugin. -->","yoast_head_json":{"title":"Descargo de responsabilidad - Graja Tours - Gu\u00eda oficial de turismo en Canarias - senderismo en La Palma","robots":{"index":"index","follow":"follow","max-snippet":"max-snippet:-1","max-image-preview":"max-image-preview:large","max-video-preview":"max-video-preview:-1"},"canonical":"https:\/\/wandern-auf-la-palma.de\/es\/descargo-de-responsabilidad\/","og_locale":"es_ES","og_type":"article","og_title":"Descargo de responsabilidad - Graja Tours - Gu\u00eda oficial de turismo en Canarias - senderismo en La Palma","og_description":"Descargo de responsabilidad En esta p\u00e1gina encontrar\u00e1 el descargo de responsabilidad de wandern-auf-la-palma.de, puesto a disposici\u00f3n por Graja Tours La Palma. En este descargo de responsabilidad, indicamos bajo qu\u00e9 reservaci\u00f3n le ofrecemos la informaci\u00f3n en nuestro sitio web. Propiedad intelectual El uso de la informaci\u00f3n en este sitio web es gratuito siempre que no copie, distribuya o utilice o haga un mal uso de esta informaci\u00f3n. Solo puede volver a utilizar la informaci\u00f3n en este sitio web de acuerdo con [&hellip;]","og_url":"https:\/\/wandern-auf-la-palma.de\/es\/descargo-de-responsabilidad\/","og_site_name":"Graja Tours - Gu\u00eda oficial de turismo en Canarias - senderismo en La Palma","article_publisher":"https:\/\/www.facebook.com\/grajatourslapalma","article_modified_time":"2024-07-10T09:13:32+00:00","og_image":[{"width":300,"height":136,"url":"https:\/\/wandern-auf-la-palma.de\/wp-content\/uploads\/Logo-GrajaTours2022.webp","type":"image\/webp"}],"twitter_card":"summary_large_image","twitter_misc":{"Tiempo de lectura":"2 minutos"},"schema":{"@context":"https:\/\/schema.org","@graph":[{"@type":"WebPage","@id":"https:\/\/wandern-auf-la-palma.de\/es\/descargo-de-responsabilidad\/","url":"https:\/\/wandern-auf-la-palma.de\/es\/descargo-de-responsabilidad\/","name":"Descargo de responsabilidad - Graja Tours - Gu\u00eda oficial de turismo en Canarias - senderismo en La Palma","isPartOf":{"@id":"https:\/\/wandern-auf-la-palma.de\/es\/#website"},"datePublished":"2018-03-19T11:33:30+00:00","dateModified":"2024-07-10T09:13:32+00:00","breadcrumb":{"@id":"https:\/\/wandern-auf-la-palma.de\/es\/descargo-de-responsabilidad\/#breadcrumb"},"inLanguage":"es","potentialAction":[{"@type":"ReadAction","target":["https:\/\/wandern-auf-la-palma.de\/es\/descargo-de-responsabilidad\/"]}]},{"@type":"BreadcrumbList","@id":"https:\/\/wandern-auf-la-palma.de\/es\/descargo-de-responsabilidad\/#breadcrumb","itemListElement":[{"@type":"ListItem","position":1,"name":"Home","item":"https:\/\/wandern-auf-la-palma.de\/es\/"},{"@type":"ListItem","position":2,"name":"Descargo de responsabilidad"}]},{"@type":"WebSite","@id":"https:\/\/wandern-auf-la-palma.de\/es\/#website","url":"https:\/\/wandern-auf-la-palma.de\/es\/","name":"Graja Tours - La Palma Staatlich zertifizierte Wanderf\u00fchrerin f\u00fcr die Kanarischen Inseln - Aktuelle Wanderwege auf La Palma","description":"home","publisher":{"@id":"https:\/\/wandern-auf-la-palma.de\/es\/#organization"},"potentialAction":[{"@type":"SearchAction","target":{"@type":"EntryPoint","urlTemplate":"https:\/\/wandern-auf-la-palma.de\/es\/?s={search_term_string}"},"query-input":{"@type":"PropertyValueSpecification","valueRequired":true,"valueName":"search_term_string"}}],"inLanguage":"es"},{"@type":"Organization","@id":"https:\/\/wandern-auf-la-palma.de\/es\/#organization","name":"Graja Tours - La Palma Staatlich zertifizierte Wanderf\u00fchrerin f\u00fcr die Kanarischen Inseln - Aktuelle Wanderwege auf La Palma","url":"https:\/\/wandern-auf-la-palma.de\/es\/","logo":{"@type":"ImageObject","inLanguage":"es","@id":"https:\/\/wandern-auf-la-palma.de\/es\/#\/schema\/logo\/image\/","url":"https:\/\/wandern-auf-la-palma.de\/wp-content\/uploads\/Logo-GrajaTours2022.webp","contentUrl":"https:\/\/wandern-auf-la-palma.de\/wp-content\/uploads\/Logo-GrajaTours2022.webp","width":300,"height":136,"caption":"Graja Tours - La Palma Staatlich zertifizierte Wanderf\u00fchrerin f\u00fcr die Kanarischen Inseln - Aktuelle Wanderwege auf La Palma"},"image":{"@id":"https:\/\/wandern-auf-la-palma.de\/es\/#\/schema\/logo\/image\/"},"sameAs":["https:\/\/www.facebook.com\/grajatourslapalma"]}]}},"spectra_custom_meta":{"_edit_lock":["1754378354:2"],"_edit_last":["2"],"_yoast_wpseo_content_score":["60"],"_wp_page_template":[""],"_last_translation_edit_mode":["native-editor"],"_yoast_wpseo_estimated-reading-time-minutes":["2"],"astra_style_timestamp_css":["1669375420"],"footnotes":[""],"_uag_custom_page_level_css":[""],"ast-site-content-layout":["default"],"astra-migrate-meta-layouts":["set"],"_wpml_media_duplicate":["0"],"_wpml_media_featured":["0"],"_yoast_wpseo_wordproof_timestamp":[""],"adv-header-id-meta":[""],"stick-header-meta":[""],"site-post-title":["disabled"],"theme-transparent-header-meta":[""],"_uag_page_assets":["a:9:{s:3:\"css\";s:7679:\".wp-block-uagb-container.uagb-block-91564d83.wp-block-uagb-container{color: var(--ast-global-color-5);}.wp-block-uagb-container.uagb-block-91564d83.wp-block-uagb-container *{color: var(--ast-global-color-5);}.wp-block-uagb-container.uagb-block-91564d83 .uagb-container__shape-top svg{width: calc( 100% + 1.3px );}.wp-block-uagb-container.uagb-block-91564d83 .uagb-container__shape.uagb-container__shape-top .uagb-container__shape-fill{fill: rgba(51,51,51,1);}.wp-block-uagb-container.uagb-block-91564d83 .uagb-container__shape-bottom svg{width: calc( 100% + 1.3px );}.wp-block-uagb-container.uagb-block-91564d83 .uagb-container__shape.uagb-container__shape-bottom .uagb-container__shape-fill{fill: rgba(51,51,51,1);}.wp-block-uagb-container.uagb-block-91564d83 .uagb-container__video-wrap video{opacity: 1;}.wp-block-uagb-container.uagb-is-root-container .uagb-block-91564d83{max-width: 100%;width: 100%;}.wp-block-uagb-container.uagb-block-91564d83{min-height: 100px;box-shadow: 0px 0px   #00000070 ;padding-top: 0px;padding-bottom: 0px;padding-left: 0px;padding-right: 0px;margin-top: 0px !important;margin-bottom: 20px !important;margin-left: 0px;margin-right: 0px;overflow: visible;order: initial;border-color: inherit;background-color: var(--ast-global-color-0);;flex-direction: column;align-items: flex-start;justify-content: center;flex-wrap: nowrap;row-gap: 0px;column-gap: 0px;}.wp-block-uagb-container.uagb-block-45e71147 .uagb-container__shape-top svg{width: calc( 100% + 1.3px );}.wp-block-uagb-container.uagb-block-45e71147 .uagb-container__shape.uagb-container__shape-top .uagb-container__shape-fill{fill: rgba(51,51,51,1);}.wp-block-uagb-container.uagb-block-45e71147 .uagb-container__shape-bottom svg{width: calc( 100% + 1.3px );}.wp-block-uagb-container.uagb-block-45e71147 .uagb-container__shape.uagb-container__shape-bottom .uagb-container__shape-fill{fill: rgba(51,51,51,1);}.wp-block-uagb-container.uagb-block-45e71147 .uagb-container__video-wrap video{opacity: 1;}.wp-block-uagb-container.uagb-is-root-container .uagb-block-45e71147{max-width: 100%;width: 100%;}.wp-block-uagb-container.uagb-is-root-container.alignfull.uagb-block-45e71147 > .uagb-container-inner-blocks-wrap{--inner-content-custom-width: min( 100%, 1100px);max-width: var(--inner-content-custom-width);width: 100%;flex-direction: column;align-items: flex-start;justify-content: flex-start;flex-wrap: nowrap;row-gap: 0px;column-gap: 0px;}.wp-block-uagb-container.uagb-block-45e71147{box-shadow: 0px 0px   #00000070 ;padding-top: 0px;padding-bottom: 0px;padding-left: 0px;padding-right: 0px;margin-top:  !important;margin-bottom:  !important;overflow: visible;order: initial;border-color: inherit;row-gap: 0px;column-gap: 0px;}.wp-block-uagb-advanced-heading.uagb-block-0e92f35b.wp-block-uagb-advanced-heading {text-align: left;}.wp-block-uagb-advanced-heading.uagb-block-0e92f35b.wp-block-uagb-advanced-heading .uagb-desc-text{margin-bottom: 15px;}.wp-block-uagb-advanced-heading.uagb-block-0e92f35b.wp-block-uagb-advanced-heading .uagb-highlight{font-style: normal;font-weight: Default;background: #007cba;color: #fff;-webkit-text-fill-color: #fff;}.wp-block-uagb-advanced-heading.uagb-block-0e92f35b.wp-block-uagb-advanced-heading .uagb-highlight::-moz-selection{color: #fff;background: #007cba;-webkit-text-fill-color: #fff;}.wp-block-uagb-advanced-heading.uagb-block-0e92f35b.wp-block-uagb-advanced-heading .uagb-highlight::selection{color: #fff;background: #007cba;-webkit-text-fill-color: #fff;}.wp-block-uagb-container.uagb-block-fde19761 .uagb-container__shape-top svg{width: calc( 100% + 1.3px );}.wp-block-uagb-container.uagb-block-fde19761 .uagb-container__shape.uagb-container__shape-top .uagb-container__shape-fill{fill: rgba(51,51,51,1);}.wp-block-uagb-container.uagb-block-fde19761 .uagb-container__shape-bottom svg{width: calc( 100% + 1.3px );}.wp-block-uagb-container.uagb-block-fde19761 .uagb-container__shape.uagb-container__shape-bottom .uagb-container__shape-fill{fill: rgba(51,51,51,1);}.wp-block-uagb-container.uagb-block-fde19761 .uagb-container__video-wrap video{opacity: 1;}.wp-block-uagb-container.uagb-is-root-container .uagb-block-fde19761{max-width: 100%;width: 100%;}.wp-block-uagb-container.uagb-is-root-container.alignfull.uagb-block-fde19761 > .uagb-container-inner-blocks-wrap{--inner-content-custom-width: min( 100%, 1100px);max-width: var(--inner-content-custom-width);width: 100%;flex-direction: column;align-items: flex-start;justify-content: flex-start;flex-wrap: nowrap;row-gap: 0px;column-gap: 0px;}.wp-block-uagb-container.uagb-block-fde19761{box-shadow: 0px 0px   #00000070 ;padding-top: 10px;padding-bottom: 10px;padding-left: 10px;padding-right: 10px;margin-top:  !important;margin-bottom:  !important;overflow: visible;order: initial;border-color: inherit;row-gap: 0px;column-gap: 0px;}@media only screen and (max-width: 976px) {.wp-block-uagb-container.uagb-is-root-container .uagb-block-91564d83{width: 100%;}.wp-block-uagb-container.uagb-block-91564d83{padding-top: 0px;padding-bottom: 0px;padding-left: 0px;padding-right: 0px;margin-top: 0px !important;margin-bottom: 20px !important;margin-left: 0px;margin-right: 0px;order: initial;background-color: var(--ast-global-color-0);;}.wp-block-uagb-container.uagb-is-root-container .uagb-block-45e71147{width: 100%;}.wp-block-uagb-container.uagb-is-root-container.alignfull.uagb-block-45e71147 > .uagb-container-inner-blocks-wrap{--inner-content-custom-width: min( 100%, 1024px);max-width: var(--inner-content-custom-width);width: 100%;}.wp-block-uagb-container.uagb-block-45e71147{padding-top: 0px;padding-bottom: 0px;padding-left: 0px;padding-right: 0px;margin-top:  !important;margin-bottom:  !important;order: initial;}.wp-block-uagb-container.uagb-is-root-container .uagb-block-fde19761{width: 100%;}.wp-block-uagb-container.uagb-is-root-container.alignfull.uagb-block-fde19761 > .uagb-container-inner-blocks-wrap{--inner-content-custom-width: min( 100%, 1024px);max-width: var(--inner-content-custom-width);width: 100%;}.wp-block-uagb-container.uagb-block-fde19761{padding-top: 10px;padding-bottom: 10px;padding-left: 10px;padding-right: 10px;margin-top:  !important;margin-bottom:  !important;order: initial;}}@media only screen and (max-width: 767px) {.wp-block-uagb-container.uagb-is-root-container .uagb-block-91564d83{max-width: 100%;width: 100%;}.wp-block-uagb-container.uagb-block-91564d83{padding-top: 0px;padding-bottom: 0px;padding-left: 0px;padding-right: 0px;margin-top: 0px !important;margin-bottom: 20px !important;margin-left: 0px;margin-right: 0px;order: initial;background-color: var(--ast-global-color-0);;flex-wrap: wrap;}.wp-block-uagb-container.uagb-is-root-container .uagb-block-45e71147{max-width: 100%;width: 100%;}.wp-block-uagb-container.uagb-is-root-container.alignfull.uagb-block-45e71147 > .uagb-container-inner-blocks-wrap{--inner-content-custom-width: min( 100%, 767px);max-width: var(--inner-content-custom-width);width: 100%;flex-wrap: wrap;}.wp-block-uagb-container.uagb-block-45e71147{padding-top: 0px;padding-bottom: 0px;padding-left: 20px;padding-right: 0px;margin-top:  !important;margin-bottom:  !important;order: initial;}.wp-block-uagb-container.uagb-is-root-container .uagb-block-fde19761{max-width: 100%;width: 100%;}.wp-block-uagb-container.uagb-is-root-container.alignfull.uagb-block-fde19761 > .uagb-container-inner-blocks-wrap{--inner-content-custom-width: min( 100%, 767px);max-width: var(--inner-content-custom-width);width: 100%;flex-wrap: wrap;}.wp-block-uagb-container.uagb-block-fde19761{padding-top: 10px;padding-bottom: 10px;padding-left: 10px;padding-right: 10px;margin-top:  !important;margin-bottom:  !important;order: initial;}}\";s:2:\"js\";s:0:\"\";s:18:\"current_block_list\";a:3:{i:0;s:14:\"uagb\/container\";i:2;s:21:\"uagb\/advanced-heading\";i:4;s:13:\"core\/freeform\";}s:8:\"uag_flag\";b:1;s:11:\"uag_version\";s:10:\"1776476394\";s:6:\"gfonts\";a:1:{s:7:\"Default\";a:2:{s:10:\"fontfamily\";s:7:\"Default\";s:12:\"fontvariants\";a:0:{}}}s:10:\"gfonts_url\";s:77:\"https:\/\/fonts.googleapis.com\/css?family=Default&subset=latin&display=fallback\";s:12:\"gfonts_files\";a:0:{}s:14:\"uag_faq_layout\";b:0;}"]},"uagb_featured_image_src":{"full":false,"thumbnail":false,"medium":false,"medium_large":false,"large":false,"1536x1536":false,"2048x2048":false},"uagb_author_info":{"display_name":"itlapalma","author_link":"https:\/\/wandern-auf-la-palma.de\/es\/author\/itlapalma\/"},"uagb_comment_info":0,"uagb_excerpt":"Descargo de responsabilidad En esta p\u00e1gina encontrar\u00e1 el descargo de responsabilidad de wandern-auf-la-palma.de, puesto a disposici\u00f3n por Graja Tours La Palma. En este descargo de responsabilidad, indicamos bajo qu\u00e9 reservaci\u00f3n le ofrecemos la informaci\u00f3n en nuestro sitio web. Propiedad intelectual El uso de la informaci\u00f3n en este sitio web es gratuito siempre que no copie,&hellip;","ase":null,"_links":{"self":[{"href":"https:\/\/wandern-auf-la-palma.de\/es\/wp-json\/wp\/v2\/pages\/388","targetHints":{"allow":["GET"]}}],"collection":[{"href":"https:\/\/wandern-auf-la-palma.de\/es\/wp-json\/wp\/v2\/pages"}],"about":[{"href":"https:\/\/wandern-auf-la-palma.de\/es\/wp-json\/wp\/v2\/types\/page"}],"author":[{"embeddable":true,"href":"https:\/\/wandern-auf-la-palma.de\/es\/wp-json\/wp\/v2\/users\/2"}],"replies":[{"embeddable":true,"href":"https:\/\/wandern-auf-la-palma.de\/es\/wp-json\/wp\/v2\/comments?post=388"}],"version-history":[{"count":0,"href":"https:\/\/wandern-auf-la-palma.de\/es\/wp-json\/wp\/v2\/pages\/388\/revisions"}],"wp:attachment":[{"href":"https:\/\/wandern-auf-la-palma.de\/es\/wp-json\/wp\/v2\/media?parent=388"}],"curies":[{"name":"wp","href":"https:\/\/api.w.org\/{rel}","templated":true}]}}